{"id":1062,"date":"2023-11-29T16:50:42","date_gmt":"2023-11-29T15:50:42","guid":{"rendered":"https:\/\/echosoil.eu\/newsletter-2\/"},"modified":"2024-01-22T10:23:23","modified_gmt":"2024-01-22T09:23:23","slug":"newsletter-2","status":"publish","type":"page","link":"https:\/\/echosoil.eu\/fi\/newsletter-2","title":{"rendered":"Uutiskirje"},"content":{"rendered":"<div class=\"tnp tnp-subscription\">\n<form method=\"post\" action=\"https:\/\/echosoil.eu\/wp-admin\/admin-ajax.php?action=tnp&amp;na=s\">\n<input type=\"hidden\" name=\"nlang\" value=\"\">\n<div class=\"tnp-field tnp-field-firstname\"><label for=\"tnp-1\">Nimi<\/label>\n<input class=\"tnp-name\" type=\"text\" name=\"nn\" id=\"tnp-1\" value=\"\" placeholder=\"\"><\/div>\n<div class=\"tnp-field tnp-field-email\"><label for=\"tnp-2\">S\u00e4hk\u00f6posti<\/label>\n<input class=\"tnp-email\" type=\"email\" name=\"ne\" id=\"tnp-2\" value=\"\" placeholder=\"\" required><\/div>\n<div class=\"tnp-field tnp-field-profile\"><label for=\"tnp-3\">Maa<\/label>\n<input class=\"tnp-profile tnp-profile-1\" id=\"tnp-profile_1\" type=\"text\" size=\"\" name=\"np1\" placeholder=\"\" required><\/div>\n<div class=\"tnp-field tnp-privacy-field\"><label><input type=\"checkbox\" name=\"ny\" required class=\"tnp-privacy\"> <a target=\"_blank\" href=\"https:\/\/echosoil.eu\/privacy-policy\/\">Hyv\u00e4ksyn tietosuojak\u00e4yt\u00e4nn\u00f6n (klikkaa t\u00e4st\u00e4 saadaksesi lis\u00e4tietoja). Voit peruuttaa tilauksen milloin tahansa napsauttamalla s\u00e4hk\u00f6postitiedotteiden alatunnisteessa olevaa linkki\u00e4.<\/a><\/label><\/div><div class=\"tnp-field tnp-field-button\" style=\"text-align: left\"><input class=\"tnp-submit\" type=\"submit\" value=\"Tilaa\" style=\"\">\n<\/div>\n<\/form>\n<\/div>","protected":false},"excerpt":{"rendered":"","protected":false},"author":2,"featured_media":0,"parent":0,"menu_order":0,"comment_status":"closed","ping_status":"closed","template":"elementor_header_footer","meta":{"footnotes":""},"class_list":["post-1062","page","type-page","status-publish","hentry"],"yoast_head":"<!-- This site is optimized with the Yoast SEO plugin v27.2 - https:\/\/yoast.com\/product\/yoast-seo-wordpress\/ -->\n<title>Newsletter - EchoSoil<\/title>\n<meta name=\"robots\" content=\"index, follow, max-snippet:-1, max-image-preview:large, max-video-preview:-1\" \/>\n<link rel=\"canonical\" href=\"https:\/\/echosoil.eu\/fi\/newsletter-2\" \/>\n<meta property=\"og:locale\" content=\"fi_FI\" \/>\n<meta property=\"og:type\" content=\"article\" \/>\n<meta property=\"og:title\" content=\"Newsletter - EchoSoil\" \/>\n<meta property=\"og:url\" content=\"https:\/\/echosoil.eu\/fi\/newsletter-2\" \/>\n<meta property=\"og:site_name\" content=\"EchoSoil\" \/>\n<meta property=\"article:publisher\" content=\"https:\/\/www.facebook.com\/profile.php?id=61550606275193\" \/>\n<meta property=\"article:modified_time\" content=\"2024-01-22T09:23:23+00:00\" \/>\n<meta name=\"twitter:card\" content=\"summary_large_image\" \/>\n<meta name=\"twitter:label1\" content=\"Arvioitu lukuaika\" \/>\n\t<meta name=\"twitter:data1\" content=\"1 minuutti\" \/>\n<script type=\"application\/ld+json\" class=\"yoast-schema-graph\">{\"@context\":\"https:\/\/schema.org\",\"@graph\":[{\"@type\":\"WebPage\",\"@id\":\"https:\/\/echosoil.eu\/newsletter-2\",\"url\":\"https:\/\/echosoil.eu\/newsletter-2\",\"name\":\"Newsletter - EchoSoil\",\"isPartOf\":{\"@id\":\"https:\/\/echosoil.eu\/#website\"},\"datePublished\":\"2023-11-29T15:50:42+00:00\",\"dateModified\":\"2024-01-22T09:23:23+00:00\",\"breadcrumb\":{\"@id\":\"https:\/\/echosoil.eu\/newsletter-2#breadcrumb\"},\"inLanguage\":\"fi\",\"potentialAction\":[{\"@type\":\"ReadAction\",\"target\":[\"https:\/\/echosoil.eu\/newsletter-2\"]}]},{\"@type\":\"BreadcrumbList\",\"@id\":\"https:\/\/echosoil.eu\/newsletter-2#breadcrumb\",\"itemListElement\":[{\"@type\":\"ListItem\",\"position\":1,\"name\":\"Strona g\u0142\u00f3wna\",\"item\":\"https:\/\/echosoil.eu\/\"},{\"@type\":\"ListItem\",\"position\":2,\"name\":\"Newsletter\"}]},{\"@type\":\"WebSite\",\"@id\":\"https:\/\/echosoil.eu\/#website\",\"url\":\"https:\/\/echosoil.eu\/\",\"name\":\"EchoSoil\",\"description\":\"Engaging citizens in soil science\",\"publisher\":{\"@id\":\"https:\/\/echosoil.eu\/#organization\"},\"potentialAction\":[{\"@type\":\"SearchAction\",\"target\":{\"@type\":\"EntryPoint\",\"urlTemplate\":\"https:\/\/echosoil.eu\/?s={search_term_string}\"},\"query-input\":{\"@type\":\"PropertyValueSpecification\",\"valueRequired\":true,\"valueName\":\"search_term_string\"}}],\"inLanguage\":\"fi\"},{\"@type\":\"Organization\",\"@id\":\"https:\/\/echosoil.eu\/#organization\",\"name\":\"Echo Horizon\",\"url\":\"https:\/\/echosoil.eu\/\",\"logo\":{\"@type\":\"ImageObject\",\"inLanguage\":\"fi\",\"@id\":\"https:\/\/echosoil.eu\/#\/schema\/logo\/image\/\",\"url\":\"https:\/\/echosoil.eu\/wp-content\/uploads\/2023\/07\/echoLOGO.png\",\"contentUrl\":\"https:\/\/echosoil.eu\/wp-content\/uploads\/2023\/07\/echoLOGO.png\",\"width\":306,\"height\":238,\"caption\":\"Echo Horizon\"},\"image\":{\"@id\":\"https:\/\/echosoil.eu\/#\/schema\/logo\/image\/\"},\"sameAs\":[\"https:\/\/www.facebook.com\/profile.php?id=61550606275193\"]}]}<\/script>\n<!-- \/ Yoast SEO plugin. -->","yoast_head_json":{"title":"Uutiskirje - EchoSoil","robots":{"index":"index","follow":"follow","max-snippet":"max-snippet:-1","max-image-preview":"max-image-preview:large","max-video-preview":"max-video-preview:-1"},"canonical":"https:\/\/echosoil.eu\/fi\/newsletter-2","og_locale":"fi_FI","og_type":"article","og_title":"Newsletter - EchoSoil","og_url":"https:\/\/echosoil.eu\/fi\/newsletter-2","og_site_name":"EchoSoil","article_publisher":"https:\/\/www.facebook.com\/profile.php?id=61550606275193","article_modified_time":"2024-01-22T09:23:23+00:00","twitter_card":"summary_large_image","twitter_misc":{"Arvioitu lukuaika":"1 minuutti"},"schema":{"@context":"https:\/\/schema.org","@graph":[{"@type":"WebPage","@id":"https:\/\/echosoil.eu\/newsletter-2","url":"https:\/\/echosoil.eu\/newsletter-2","name":"Uutiskirje - EchoSoil","isPartOf":{"@id":"https:\/\/echosoil.eu\/#website"},"datePublished":"2023-11-29T15:50:42+00:00","dateModified":"2024-01-22T09:23:23+00:00","breadcrumb":{"@id":"https:\/\/echosoil.eu\/newsletter-2#breadcrumb"},"inLanguage":"fi","potentialAction":[{"@type":"ReadAction","target":["https:\/\/echosoil.eu\/newsletter-2"]}]},{"@type":"BreadcrumbList","@id":"https:\/\/echosoil.eu\/newsletter-2#breadcrumb","itemListElement":[{"@type":"ListItem","position":1,"name":"Strona g\u0142\u00f3wna","item":"https:\/\/echosoil.eu\/"},{"@type":"ListItem","position":2,"name":"Newsletter"}]},{"@type":"WebSite","@id":"https:\/\/echosoil.eu\/#website","url":"https:\/\/echosoil.eu\/","name":"EchoSoil","description":"Kansalaisten osallistaminen maaper\u00e4tieteeseen","publisher":{"@id":"https:\/\/echosoil.eu\/#organization"},"potentialAction":[{"@type":"SearchAction","target":{"@type":"EntryPoint","urlTemplate":"https:\/\/echosoil.eu\/?s={search_term_string}"},"query-input":{"@type":"PropertyValueSpecification","valueRequired":true,"valueName":"search_term_string"}}],"inLanguage":"fi"},{"@type":"Organization","@id":"https:\/\/echosoil.eu\/#organization","name":"Echo Horizon","url":"https:\/\/echosoil.eu\/","logo":{"@type":"ImageObject","inLanguage":"fi","@id":"https:\/\/echosoil.eu\/#\/schema\/logo\/image\/","url":"https:\/\/echosoil.eu\/wp-content\/uploads\/2023\/07\/echoLOGO.png","contentUrl":"https:\/\/echosoil.eu\/wp-content\/uploads\/2023\/07\/echoLOGO.png","width":306,"height":238,"caption":"Echo Horizon"},"image":{"@id":"https:\/\/echosoil.eu\/#\/schema\/logo\/image\/"},"sameAs":["https:\/\/www.facebook.com\/profile.php?id=61550606275193"]}]}},"_links":{"self":[{"href":"https:\/\/echosoil.eu\/fi\/wp-json\/wp\/v2\/pages\/1062","targetHints":{"allow":["GET"]}}],"collection":[{"href":"https:\/\/echosoil.eu\/fi\/wp-json\/wp\/v2\/pages"}],"about":[{"href":"https:\/\/echosoil.eu\/fi\/wp-json\/wp\/v2\/types\/page"}],"author":[{"embeddable":true,"href":"https:\/\/echosoil.eu\/fi\/wp-json\/wp\/v2\/users\/2"}],"replies":[{"embeddable":true,"href":"https:\/\/echosoil.eu\/fi\/wp-json\/wp\/v2\/comments?post=1062"}],"version-history":[{"count":1,"href":"https:\/\/echosoil.eu\/fi\/wp-json\/wp\/v2\/pages\/1062\/revisions"}],"predecessor-version":[{"id":1251,"href":"https:\/\/echosoil.eu\/fi\/wp-json\/wp\/v2\/pages\/1062\/revisions\/1251"}],"wp:attachment":[{"href":"https:\/\/echosoil.eu\/fi\/wp-json\/wp\/v2\/media?parent=1062"}],"curies":[{"name":"wp","href":"https:\/\/api.w.org\/{rel}","templated":true}]}}