{"id":761,"date":"2023-08-29T17:02:25","date_gmt":"2023-08-29T15:02:25","guid":{"rendered":"https:\/\/echosoil.eu\/?page_id=761"},"modified":"2024-04-16T11:08:31","modified_gmt":"2024-04-16T09:08:31","slug":"contact","status":"publish","type":"page","link":"https:\/\/echosoil.eu\/pt\/contact","title":{"rendered":"Contacto"},"content":{"rendered":"<div data-elementor-type=\"wp-page\" data-elementor-id=\"761\" class=\"elementor elementor-761\" data-elementor-post-type=\"page\">\n\t\t\t\t<div class=\"elementor-element elementor-element-4f44de41 e-flex e-con-boxed e-con e-parent\" data-id=\"4f44de41\" data-element_type=\"container\" data-settings=\"{&quot;background_background&quot;:&quot;classic&quot;}\">\n\t\t\t\t\t<div class=\"e-con-inner\">\n\t\t\t\t<div class=\"elementor-element elementor-element-64cbc4ec elementor-widget elementor-widget-heading\" data-id=\"64cbc4ec\" data-element_type=\"widget\" data-widget_type=\"heading.default\">\n\t\t\t\t<div class=\"elementor-widget-container\">\n\t\t\t\t\t<h2 class=\"elementor-heading-title elementor-size-default\">Contacto<\/h2>\t\t\t\t<\/div>\n\t\t\t\t<\/div>\n\t\t\t\t<div class=\"elementor-element elementor-element-61b205ad elementor-widget elementor-widget-text-editor\" data-id=\"61b205ad\" data-element_type=\"widget\" data-widget_type=\"text-editor.default\">\n\t\t\t\t<div class=\"elementor-widget-container\">\n\t\t\t\t\t\t\t\t\t<p>Est\u00e1 a tentar contactar-nos?\u00a0<\/p>\t\t\t\t\t\t\t\t<\/div>\n\t\t\t\t<\/div>\n\t\t\t\t\t<\/div>\n\t\t\t\t<\/div>\n\t\t<div class=\"elementor-element elementor-element-7c2aa96b e-flex e-con-boxed e-con e-parent\" data-id=\"7c2aa96b\" data-element_type=\"container\" data-settings=\"{&quot;background_background&quot;:&quot;classic&quot;}\">\n\t\t\t\t\t<div class=\"e-con-inner\">\n\t\t\t\t<div class=\"elementor-element elementor-element-6862f8ff elementor-widget elementor-widget-heading\" data-id=\"6862f8ff\" data-element_type=\"widget\" data-widget_type=\"heading.default\">\n\t\t\t\t<div class=\"elementor-widget-container\">\n\t\t\t\t\t<h2 class=\"elementor-heading-title elementor-size-default\">Detalhes do projeto<\/h2>\t\t\t\t<\/div>\n\t\t\t\t<\/div>\n\t\t\t\t<div class=\"elementor-element elementor-element-1d5a438b notr elementor-widget elementor-widget-text-editor\" data-id=\"1d5a438b\" data-element_type=\"widget\" data-widget_type=\"text-editor.default\" data-no-translation=\"\">\n\t\t\t\t<div class=\"elementor-widget-container\">\n\t\t\t\t\t\t\t\t\t<p>ECHO<br \/>ENGAGING\u00a0CITIZENS\u00a0IN\u00a0SOIL\u00a0SCIENCE:\u00a0THE\u00a0ROAD\u00a0TO\u00a0HEALTHIER\u00a0SOILS<br \/>Research &amp; Innovation <br \/>HORIZON EUROPE Project<\/p>\t\t\t\t\t\t\t\t<\/div>\n\t\t\t\t<\/div>\n\t\t\t\t<div class=\"elementor-element elementor-element-4c4ad37 nomt elementor-widget elementor-widget-text-editor\" data-id=\"4c4ad37\" data-element_type=\"widget\" data-widget_type=\"text-editor.default\" data-no-auto-translation=\"\">\n\t\t\t\t<div class=\"elementor-widget-container\">\n\t\t\t\t\t\t\t\t\t<p>1 June\u00a02023 \u2013 31 May 2027\u00a0<\/p>\t\t\t\t\t\t\t\t<\/div>\n\t\t\t\t<\/div>\n\t\t\t\t<div class=\"elementor-element elementor-element-4fce1e4 elementor-widget elementor-widget-heading\" data-id=\"4fce1e4\" data-element_type=\"widget\" data-widget_type=\"heading.default\">\n\t\t\t\t<div class=\"elementor-widget-container\">\n\t\t\t\t\t<h2 class=\"elementor-heading-title elementor-size-default\">Coordenador do projeto<\/h2>\t\t\t\t<\/div>\n\t\t\t\t<\/div>\n\t\t\t\t<div class=\"elementor-element elementor-element-421d16f4 notr elementor-widget elementor-widget-text-editor\" data-id=\"421d16f4\" data-element_type=\"widget\" data-widget_type=\"text-editor.default\" data-no-translation=\"\">\n\t\t\t\t<div class=\"elementor-widget-container\">\n\t\t\t\t\t\t\t\t\t<p>Tanja Mimmo, Libera Universit\u00e0 di Bolzano (unibz), ITALY\u00a0<\/p>\t\t\t\t\t\t\t\t<\/div>\n\t\t\t\t<\/div>\n\t\t\t\t<div class=\"elementor-element elementor-element-60023cc elementor-widget elementor-widget-heading\" data-id=\"60023cc\" data-element_type=\"widget\" data-widget_type=\"heading.default\">\n\t\t\t\t<div class=\"elementor-widget-container\">\n\t\t\t\t\t<h2 class=\"elementor-heading-title elementor-size-default\">Contacto do projeto<\/h2>\t\t\t\t<\/div>\n\t\t\t\t<\/div>\n\t\t\t\t<div class=\"elementor-element elementor-element-07c527c nomt elementor-widget elementor-widget-text-editor\" data-id=\"07c527c\" data-element_type=\"widget\" data-widget_type=\"text-editor.default\" data-no-auto-translation=\"\">\n\t\t\t\t<div class=\"elementor-widget-container\">\n\t\t\t\t\t\t\t\t\t<p><a href=\"mailto:contact@echosoil.eu\">contact@echosoil.eu<\/a>\u00a0<\/p>\t\t\t\t\t\t\t\t<\/div>\n\t\t\t\t<\/div>\n\t\t\t\t<div class=\"elementor-element elementor-element-325743ae elementor-widget elementor-widget-spacer\" data-id=\"325743ae\" data-element_type=\"widget\" data-widget_type=\"spacer.default\">\n\t\t\t\t<div class=\"elementor-widget-container\">\n\t\t\t\t\t\t\t<div class=\"elementor-spacer\">\n\t\t\t<div class=\"elementor-spacer-inner\"><\/div>\n\t\t<\/div>\n\t\t\t\t\t\t<\/div>\n\t\t\t\t<\/div>\n\t\t\t\t\t<\/div>\n\t\t\t\t<\/div>\n\t\t\t\t<\/div>","protected":false},"excerpt":{"rendered":"<p>Contacto Est\u00e1 a tentar contactar-nos?  Detalhes do projeto ECHOENGAGING CITIZENS IN SOIL SCIENCE: O CAMINHO PARA SOLOS MAIS SAUD\u00c1VEISInvestiga\u00e7\u00e3o e Inova\u00e7\u00e3o HORIZON EUROPE Projeto 1 de junho de 2023 - 31 de maio de 2027 Coordenadora do projeto Tanja Mimmo, Libera Universit\u00e0 di Bolzano (unibz), IT\u00c1LIA Contacto do projeto contact@echosoil.eu\u00a0<\/p>","protected":false},"author":2,"featured_media":0,"parent":0,"menu_order":0,"comment_status":"closed","ping_status":"closed","template":"elementor_header_footer","meta":{"footnotes":""},"class_list":["post-761","page","type-page","status-publish","hentry"],"yoast_head":"<!-- This site is optimized with the Yoast SEO plugin v27.2 - https:\/\/yoast.com\/product\/yoast-seo-wordpress\/ -->\n<title>Contact - EchoSoil<\/title>\n<meta name=\"robots\" content=\"index, follow, max-snippet:-1, max-image-preview:large, max-video-preview:-1\" \/>\n<link rel=\"canonical\" href=\"https:\/\/echosoil.eu\/pt\/contact\" \/>\n<meta property=\"og:locale\" content=\"pt_PT\" \/>\n<meta property=\"og:type\" content=\"article\" \/>\n<meta property=\"og:title\" content=\"Contact - EchoSoil\" \/>\n<meta property=\"og:description\" content=\"Contact Trying to reach us?\u00a0 Project details ECHOENGAGING\u00a0CITIZENS\u00a0IN\u00a0SOIL\u00a0SCIENCE:\u00a0THE\u00a0ROAD\u00a0TO\u00a0HEALTHIER\u00a0SOILSResearch &amp; Innovation HORIZON EUROPE Project 1 June\u00a02023 \u2013 31 May 2027\u00a0 Project coordinator Tanja Mimmo, Libera Universit\u00e0 di Bolzano (unibz), ITALY\u00a0 Project contact contact@echosoil.eu\u00a0\" \/>\n<meta property=\"og:url\" content=\"https:\/\/echosoil.eu\/pt\/contact\" \/>\n<meta property=\"og:site_name\" content=\"EchoSoil\" \/>\n<meta property=\"article:publisher\" content=\"https:\/\/www.facebook.com\/profile.php?id=61550606275193\" \/>\n<meta property=\"article:modified_time\" content=\"2024-04-16T09:08:31+00:00\" \/>\n<meta name=\"twitter:card\" content=\"summary_large_image\" \/>\n<meta name=\"twitter:label1\" content=\"Tempo estimado de leitura\" \/>\n\t<meta name=\"twitter:data1\" content=\"1 minuto\" \/>\n<script type=\"application\/ld+json\" class=\"yoast-schema-graph\">{\"@context\":\"https:\/\/schema.org\",\"@graph\":[{\"@type\":\"WebPage\",\"@id\":\"https:\/\/echosoil.eu\/contact\",\"url\":\"https:\/\/echosoil.eu\/contact\",\"name\":\"Contact - EchoSoil\",\"isPartOf\":{\"@id\":\"https:\/\/echosoil.eu\/#website\"},\"datePublished\":\"2023-08-29T15:02:25+00:00\",\"dateModified\":\"2024-04-16T09:08:31+00:00\",\"breadcrumb\":{\"@id\":\"https:\/\/echosoil.eu\/contact#breadcrumb\"},\"inLanguage\":\"pt-PT\",\"potentialAction\":[{\"@type\":\"ReadAction\",\"target\":[\"https:\/\/echosoil.eu\/contact\"]}]},{\"@type\":\"BreadcrumbList\",\"@id\":\"https:\/\/echosoil.eu\/contact#breadcrumb\",\"itemListElement\":[{\"@type\":\"ListItem\",\"position\":1,\"name\":\"Strona g\u0142\u00f3wna\",\"item\":\"https:\/\/echosoil.eu\/\"},{\"@type\":\"ListItem\",\"position\":2,\"name\":\"Contact\"}]},{\"@type\":\"WebSite\",\"@id\":\"https:\/\/echosoil.eu\/#website\",\"url\":\"https:\/\/echosoil.eu\/\",\"name\":\"EchoSoil\",\"description\":\"Engaging citizens in soil science\",\"publisher\":{\"@id\":\"https:\/\/echosoil.eu\/#organization\"},\"potentialAction\":[{\"@type\":\"SearchAction\",\"target\":{\"@type\":\"EntryPoint\",\"urlTemplate\":\"https:\/\/echosoil.eu\/?s={search_term_string}\"},\"query-input\":{\"@type\":\"PropertyValueSpecification\",\"valueRequired\":true,\"valueName\":\"search_term_string\"}}],\"inLanguage\":\"pt-PT\"},{\"@type\":\"Organization\",\"@id\":\"https:\/\/echosoil.eu\/#organization\",\"name\":\"Echo Horizon\",\"url\":\"https:\/\/echosoil.eu\/\",\"logo\":{\"@type\":\"ImageObject\",\"inLanguage\":\"pt-PT\",\"@id\":\"https:\/\/echosoil.eu\/#\/schema\/logo\/image\/\",\"url\":\"https:\/\/echosoil.eu\/wp-content\/uploads\/2023\/07\/echoLOGO.png\",\"contentUrl\":\"https:\/\/echosoil.eu\/wp-content\/uploads\/2023\/07\/echoLOGO.png\",\"width\":306,\"height\":238,\"caption\":\"Echo Horizon\"},\"image\":{\"@id\":\"https:\/\/echosoil.eu\/#\/schema\/logo\/image\/\"},\"sameAs\":[\"https:\/\/www.facebook.com\/profile.php?id=61550606275193\"]}]}<\/script>\n<!-- \/ Yoast SEO plugin. -->","yoast_head_json":{"title":"Contacto - EchoSoil","robots":{"index":"index","follow":"follow","max-snippet":"max-snippet:-1","max-image-preview":"max-image-preview:large","max-video-preview":"max-video-preview:-1"},"canonical":"https:\/\/echosoil.eu\/pt\/contact","og_locale":"pt_PT","og_type":"article","og_title":"Contact - EchoSoil","og_description":"Contact Trying to reach us?\u00a0 Project details ECHOENGAGING\u00a0CITIZENS\u00a0IN\u00a0SOIL\u00a0SCIENCE:\u00a0THE\u00a0ROAD\u00a0TO\u00a0HEALTHIER\u00a0SOILSResearch &amp; Innovation HORIZON EUROPE Project 1 June\u00a02023 \u2013 31 May 2027\u00a0 Project coordinator Tanja Mimmo, Libera Universit\u00e0 di Bolzano (unibz), ITALY\u00a0 Project contact contact@echosoil.eu\u00a0","og_url":"https:\/\/echosoil.eu\/pt\/contact","og_site_name":"EchoSoil","article_publisher":"https:\/\/www.facebook.com\/profile.php?id=61550606275193","article_modified_time":"2024-04-16T09:08:31+00:00","twitter_card":"summary_large_image","twitter_misc":{"Tempo estimado de leitura":"1 minuto"},"schema":{"@context":"https:\/\/schema.org","@graph":[{"@type":"WebPage","@id":"https:\/\/echosoil.eu\/contact","url":"https:\/\/echosoil.eu\/contact","name":"Contacto - EchoSoil","isPartOf":{"@id":"https:\/\/echosoil.eu\/#website"},"datePublished":"2023-08-29T15:02:25+00:00","dateModified":"2024-04-16T09:08:31+00:00","breadcrumb":{"@id":"https:\/\/echosoil.eu\/contact#breadcrumb"},"inLanguage":"pt-PT","potentialAction":[{"@type":"ReadAction","target":["https:\/\/echosoil.eu\/contact"]}]},{"@type":"BreadcrumbList","@id":"https:\/\/echosoil.eu\/contact#breadcrumb","itemListElement":[{"@type":"ListItem","position":1,"name":"Strona g\u0142\u00f3wna","item":"https:\/\/echosoil.eu\/"},{"@type":"ListItem","position":2,"name":"Contact"}]},{"@type":"WebSite","@id":"https:\/\/echosoil.eu\/#website","url":"https:\/\/echosoil.eu\/","name":"EchoSoil","description":"Envolver os cidad\u00e3os na ci\u00eancia do solo","publisher":{"@id":"https:\/\/echosoil.eu\/#organization"},"potentialAction":[{"@type":"SearchAction","target":{"@type":"EntryPoint","urlTemplate":"https:\/\/echosoil.eu\/?s={search_term_string}"},"query-input":{"@type":"PropertyValueSpecification","valueRequired":true,"valueName":"search_term_string"}}],"inLanguage":"pt-PT"},{"@type":"Organization","@id":"https:\/\/echosoil.eu\/#organization","name":"Horizonte de Ecos","url":"https:\/\/echosoil.eu\/","logo":{"@type":"ImageObject","inLanguage":"pt-PT","@id":"https:\/\/echosoil.eu\/#\/schema\/logo\/image\/","url":"https:\/\/echosoil.eu\/wp-content\/uploads\/2023\/07\/echoLOGO.png","contentUrl":"https:\/\/echosoil.eu\/wp-content\/uploads\/2023\/07\/echoLOGO.png","width":306,"height":238,"caption":"Echo Horizon"},"image":{"@id":"https:\/\/echosoil.eu\/#\/schema\/logo\/image\/"},"sameAs":["https:\/\/www.facebook.com\/profile.php?id=61550606275193"]}]}},"_links":{"self":[{"href":"https:\/\/echosoil.eu\/pt\/wp-json\/wp\/v2\/pages\/761","targetHints":{"allow":["GET"]}}],"collection":[{"href":"https:\/\/echosoil.eu\/pt\/wp-json\/wp\/v2\/pages"}],"about":[{"href":"https:\/\/echosoil.eu\/pt\/wp-json\/wp\/v2\/types\/page"}],"author":[{"embeddable":true,"href":"https:\/\/echosoil.eu\/pt\/wp-json\/wp\/v2\/users\/2"}],"replies":[{"embeddable":true,"href":"https:\/\/echosoil.eu\/pt\/wp-json\/wp\/v2\/comments?post=761"}],"version-history":[{"count":35,"href":"https:\/\/echosoil.eu\/pt\/wp-json\/wp\/v2\/pages\/761\/revisions"}],"predecessor-version":[{"id":2151,"href":"https:\/\/echosoil.eu\/pt\/wp-json\/wp\/v2\/pages\/761\/revisions\/2151"}],"wp:attachment":[{"href":"https:\/\/echosoil.eu\/pt\/wp-json\/wp\/v2\/media?parent=761"}],"curies":[{"name":"wp","href":"https:\/\/api.w.org\/{rel}","templated":true}]}}