{"id":1156,"date":"2024-01-09T13:40:22","date_gmt":"2024-01-09T12:40:22","guid":{"rendered":"https:\/\/echosoil.eu\/?page_id=1156"},"modified":"2024-04-16T11:16:29","modified_gmt":"2024-04-16T09:16:29","slug":"sign-up-for-our-newsletter","status":"publish","type":"page","link":"https:\/\/echosoil.eu\/sk\/sign-up-for-our-newsletter","title":{"rendered":"Prihl\u00e1ste sa na odber n\u00e1\u0161ho newslettera!"},"content":{"rendered":"<div data-elementor-type=\"wp-page\" data-elementor-id=\"1156\" class=\"elementor elementor-1156\" data-elementor-post-type=\"page\">\n\t\t\t\t<div class=\"elementor-element elementor-element-7596dc83 e-flex e-con-boxed e-con e-parent\" data-id=\"7596dc83\" data-element_type=\"container\" data-e-type=\"container\" data-settings=\"{&quot;background_background&quot;:&quot;classic&quot;}\">\n\t\t\t\t\t<div class=\"e-con-inner\">\n\t\t\t\t<div class=\"elementor-element elementor-element-2fd2c7c4 elementor-widget elementor-widget-heading\" data-id=\"2fd2c7c4\" data-element_type=\"widget\" data-e-type=\"widget\" data-widget_type=\"heading.default\">\n\t\t\t\t<div class=\"elementor-widget-container\">\n\t\t\t\t\t<h2 class=\"elementor-heading-title elementor-size-default\">ECHO Newsletter<\/h2>\t\t\t\t<\/div>\n\t\t\t\t<\/div>\n\t\t\t\t<div class=\"elementor-element elementor-element-735187cf elementor-widget elementor-widget-text-editor\" data-id=\"735187cf\" data-element_type=\"widget\" data-e-type=\"widget\" data-widget_type=\"text-editor.default\">\n\t\t\t\t<div class=\"elementor-widget-container\">\n\t\t\t\t\t\t\t\t\t<p>Prihl\u00e1ste sa na odber noviniek a dost\u00e1vajte pravideln\u00e9 inform\u00e1cie o pokra\u010dovan\u00ed projektu.<\/p>\t\t\t\t\t\t\t\t<\/div>\n\t\t\t\t<\/div>\n\t\t\t\t\t<\/div>\n\t\t\t\t<\/div>\n\t\t<div class=\"elementor-element elementor-element-499a9da6 e-flex e-con-boxed e-con e-parent\" data-id=\"499a9da6\" data-element_type=\"container\" data-e-type=\"container\" data-settings=\"{&quot;background_background&quot;:&quot;classic&quot;}\">\n\t\t\t\t\t<div class=\"e-con-inner\">\n\t\t\t\t<div class=\"elementor-element elementor-element-4af4a068 elementor-widget elementor-widget-heading\" data-id=\"4af4a068\" data-element_type=\"widget\" data-e-type=\"widget\" data-widget_type=\"heading.default\">\n\t\t\t\t<div class=\"elementor-widget-container\">\n\t\t\t\t\t<h2 class=\"elementor-heading-title elementor-size-default\">Zaregistrujte sa e\u0161te dnes!<\/h2>\t\t\t\t<\/div>\n\t\t\t\t<\/div>\n\t\t\t\t<div class=\"elementor-element elementor-element-faa732f elementor-widget elementor-widget-wp-widget-newsletterwidget\" data-id=\"faa732f\" data-element_type=\"widget\" data-e-type=\"widget\" data-widget_type=\"wp-widget-newsletterwidget.default\">\n\t\t\t\t<div class=\"elementor-widget-container\">\n\t\t\t\t\t<div class=\"tnp tnp-subscription tnp-widget\">\n<form method=\"post\" action=\"https:\/\/echosoil.eu\/wp-admin\/admin-ajax.php?action=tnp&amp;na=s\">\n<input type=\"hidden\" name=\"nr\" value=\"widget\">\n<input type=\"hidden\" name=\"nlang\" value=\"\">\n<div class=\"tnp-field tnp-field-firstname\"><label for=\"tnp-1\">N\u00e1zov<\/label>\n<input class=\"tnp-name\" type=\"text\" name=\"nn\" id=\"tnp-1\" value=\"\" placeholder=\"\"><\/div>\n<div class=\"tnp-field tnp-field-email\"><label for=\"tnp-2\">E-mail<\/label>\n<input class=\"tnp-email\" type=\"email\" name=\"ne\" id=\"tnp-2\" value=\"\" placeholder=\"\" required><\/div>\n<div class=\"tnp-field tnp-field-profile\"><label for=\"tnp-3\">Krajina<\/label>\n<input class=\"tnp-profile tnp-profile-1\" id=\"tnp-profile_1\" type=\"text\" size=\"\" name=\"np1\" placeholder=\"\" required><\/div>\n<div class=\"tnp-field tnp-privacy-field\"><label><input type=\"checkbox\" name=\"ny\" required class=\"tnp-privacy\"> <a target=\"_blank\" href=\"https:\/\/echosoil.eu\/privacy-policy\/\">S\u00fahlas\u00edm so z\u00e1sadami ochrany osobn\u00fdch \u00fadajov (kliknite sem a dozviete sa viac). Odber m\u00f4\u017eete kedyko\u013evek zru\u0161i\u0165 kliknut\u00edm na odkaz v p\u00e4ti\u010dke na\u0161ich e-mailov\u00fdch bulletinov.<\/a><\/label><\/div><div class=\"tnp-field tnp-field-button\" style=\"text-align: left\"><input class=\"tnp-submit\" type=\"submit\" value=\"Prihl\u00e1si\u0165 sa na\" style=\"\">\n<\/div>\n<\/form>\n<\/div>\n\t\t\t\t<\/div>\n\t\t\t\t<\/div>\n\t\t\t\t<div class=\"elementor-element elementor-element-4c6fdb9a elementor-widget elementor-widget-spacer\" data-id=\"4c6fdb9a\" data-element_type=\"widget\" data-e-type=\"widget\" data-widget_type=\"spacer.default\">\n\t\t\t\t<div class=\"elementor-widget-container\">\n\t\t\t\t\t\t\t<div class=\"elementor-spacer\">\n\t\t\t<div class=\"elementor-spacer-inner\"><\/div>\n\t\t<\/div>\n\t\t\t\t\t\t<\/div>\n\t\t\t\t<\/div>\n\t\t\t\t\t<\/div>\n\t\t\t\t<\/div>\n\t\t\t\t<\/div>","protected":false},"excerpt":{"rendered":"<p>ECHO Newsletter Prihl\u00e1ste sa na odber newslettera, aby ste dost\u00e1vali pravideln\u00e9 inform\u00e1cie o pokra\u010dovan\u00ed projektu. Zaregistrujte sa e\u0161te dnes!<\/p>","protected":false},"author":2,"featured_media":0,"parent":0,"menu_order":0,"comment_status":"closed","ping_status":"closed","template":"elementor_header_footer","meta":{"footnotes":""},"class_list":["post-1156","page","type-page","status-publish","hentry"],"yoast_head":"<!-- This site is optimized with the Yoast SEO plugin v27.3 - https:\/\/yoast.com\/product\/yoast-seo-wordpress\/ -->\n<title>Sign up for our newsletter! - EchoSoil<\/title>\n<meta name=\"robots\" content=\"index, follow, max-snippet:-1, max-image-preview:large, max-video-preview:-1\" \/>\n<link rel=\"canonical\" href=\"https:\/\/echosoil.eu\/sk\/sign-up-for-our-newsletter\" \/>\n<meta property=\"og:locale\" content=\"sk_SK\" \/>\n<meta property=\"og:type\" content=\"article\" \/>\n<meta property=\"og:title\" content=\"Sign up for our newsletter! - EchoSoil\" \/>\n<meta property=\"og:description\" content=\"ECHO Newsletter Sign up for the newsletter to receive regular updates as the project continues. Sign up today!\" \/>\n<meta property=\"og:url\" content=\"https:\/\/echosoil.eu\/sk\/sign-up-for-our-newsletter\" \/>\n<meta property=\"og:site_name\" content=\"EchoSoil\" \/>\n<meta property=\"article:publisher\" content=\"https:\/\/www.facebook.com\/profile.php?id=61550606275193\" \/>\n<meta property=\"article:modified_time\" content=\"2024-04-16T09:16:29+00:00\" \/>\n<meta name=\"twitter:card\" content=\"summary_large_image\" \/>\n<meta name=\"twitter:label1\" content=\"Predpokladan\u00fd \u010das \u010d\u00edtania\" \/>\n\t<meta name=\"twitter:data1\" content=\"1 min\u00fata\" \/>\n<script type=\"application\/ld+json\" class=\"yoast-schema-graph\">{\"@context\":\"https:\\\/\\\/schema.org\",\"@graph\":[{\"@type\":\"WebPage\",\"@id\":\"https:\\\/\\\/echosoil.eu\\\/sign-up-for-our-newsletter\",\"url\":\"https:\\\/\\\/echosoil.eu\\\/sign-up-for-our-newsletter\",\"name\":\"Sign up for our newsletter! - EchoSoil\",\"isPartOf\":{\"@id\":\"https:\\\/\\\/echosoil.eu\\\/#website\"},\"datePublished\":\"2024-01-09T12:40:22+00:00\",\"dateModified\":\"2024-04-16T09:16:29+00:00\",\"breadcrumb\":{\"@id\":\"https:\\\/\\\/echosoil.eu\\\/sign-up-for-our-newsletter#breadcrumb\"},\"inLanguage\":\"sk-SK\",\"potentialAction\":[{\"@type\":\"ReadAction\",\"target\":[\"https:\\\/\\\/echosoil.eu\\\/sign-up-for-our-newsletter\"]}]},{\"@type\":\"BreadcrumbList\",\"@id\":\"https:\\\/\\\/echosoil.eu\\\/sign-up-for-our-newsletter#breadcrumb\",\"itemListElement\":[{\"@type\":\"ListItem\",\"position\":1,\"name\":\"Strona g\u0142\u00f3wna\",\"item\":\"https:\\\/\\\/echosoil.eu\\\/\"},{\"@type\":\"ListItem\",\"position\":2,\"name\":\"Sign up for our newsletter!\"}]},{\"@type\":\"WebSite\",\"@id\":\"https:\\\/\\\/echosoil.eu\\\/#website\",\"url\":\"https:\\\/\\\/echosoil.eu\\\/\",\"name\":\"EchoSoil\",\"description\":\"Engaging citizens in soil science\",\"publisher\":{\"@id\":\"https:\\\/\\\/echosoil.eu\\\/#organization\"},\"potentialAction\":[{\"@type\":\"SearchAction\",\"target\":{\"@type\":\"EntryPoint\",\"urlTemplate\":\"https:\\\/\\\/echosoil.eu\\\/?s={search_term_string}\"},\"query-input\":{\"@type\":\"PropertyValueSpecification\",\"valueRequired\":true,\"valueName\":\"search_term_string\"}}],\"inLanguage\":\"sk-SK\"},{\"@type\":\"Organization\",\"@id\":\"https:\\\/\\\/echosoil.eu\\\/#organization\",\"name\":\"Echo Horizon\",\"url\":\"https:\\\/\\\/echosoil.eu\\\/\",\"logo\":{\"@type\":\"ImageObject\",\"inLanguage\":\"sk-SK\",\"@id\":\"https:\\\/\\\/echosoil.eu\\\/#\\\/schema\\\/logo\\\/image\\\/\",\"url\":\"https:\\\/\\\/echosoil.eu\\\/wp-content\\\/uploads\\\/2023\\\/07\\\/echoLOGO.png\",\"contentUrl\":\"https:\\\/\\\/echosoil.eu\\\/wp-content\\\/uploads\\\/2023\\\/07\\\/echoLOGO.png\",\"width\":306,\"height\":238,\"caption\":\"Echo Horizon\"},\"image\":{\"@id\":\"https:\\\/\\\/echosoil.eu\\\/#\\\/schema\\\/logo\\\/image\\\/\"},\"sameAs\":[\"https:\\\/\\\/www.facebook.com\\\/profile.php?id=61550606275193\"]}]}<\/script>\n<!-- \/ Yoast SEO plugin. -->","yoast_head_json":{"title":"Prihl\u00e1ste sa na odber n\u00e1\u0161ho newslettera! - EchoSoil","robots":{"index":"index","follow":"follow","max-snippet":"max-snippet:-1","max-image-preview":"max-image-preview:large","max-video-preview":"max-video-preview:-1"},"canonical":"https:\/\/echosoil.eu\/sk\/sign-up-for-our-newsletter","og_locale":"sk_SK","og_type":"article","og_title":"Sign up for our newsletter! - EchoSoil","og_description":"ECHO Newsletter Sign up for the newsletter to receive regular updates as the project continues. Sign up today!","og_url":"https:\/\/echosoil.eu\/sk\/sign-up-for-our-newsletter","og_site_name":"EchoSoil","article_publisher":"https:\/\/www.facebook.com\/profile.php?id=61550606275193","article_modified_time":"2024-04-16T09:16:29+00:00","twitter_card":"summary_large_image","twitter_misc":{"Predpokladan\u00fd \u010das \u010d\u00edtania":"1 min\u00fata"},"schema":{"@context":"https:\/\/schema.org","@graph":[{"@type":"WebPage","@id":"https:\/\/echosoil.eu\/sign-up-for-our-newsletter","url":"https:\/\/echosoil.eu\/sign-up-for-our-newsletter","name":"Prihl\u00e1ste sa na odber n\u00e1\u0161ho newslettera! - EchoSoil","isPartOf":{"@id":"https:\/\/echosoil.eu\/#website"},"datePublished":"2024-01-09T12:40:22+00:00","dateModified":"2024-04-16T09:16:29+00:00","breadcrumb":{"@id":"https:\/\/echosoil.eu\/sign-up-for-our-newsletter#breadcrumb"},"inLanguage":"sk-SK","potentialAction":[{"@type":"ReadAction","target":["https:\/\/echosoil.eu\/sign-up-for-our-newsletter"]}]},{"@type":"BreadcrumbList","@id":"https:\/\/echosoil.eu\/sign-up-for-our-newsletter#breadcrumb","itemListElement":[{"@type":"ListItem","position":1,"name":"Strona g\u0142\u00f3wna","item":"https:\/\/echosoil.eu\/"},{"@type":"ListItem","position":2,"name":"Sign up for our newsletter!"}]},{"@type":"WebSite","@id":"https:\/\/echosoil.eu\/#website","url":"https:\/\/echosoil.eu\/","name":"EchoSoil","description":"Zapojenie ob\u010danov do p\u00f4doznalectva","publisher":{"@id":"https:\/\/echosoil.eu\/#organization"},"potentialAction":[{"@type":"SearchAction","target":{"@type":"EntryPoint","urlTemplate":"https:\/\/echosoil.eu\/?s={search_term_string}"},"query-input":{"@type":"PropertyValueSpecification","valueRequired":true,"valueName":"search_term_string"}}],"inLanguage":"sk-SK"},{"@type":"Organization","@id":"https:\/\/echosoil.eu\/#organization","name":"Echo Horizon","url":"https:\/\/echosoil.eu\/","logo":{"@type":"ImageObject","inLanguage":"sk-SK","@id":"https:\/\/echosoil.eu\/#\/schema\/logo\/image\/","url":"https:\/\/echosoil.eu\/wp-content\/uploads\/2023\/07\/echoLOGO.png","contentUrl":"https:\/\/echosoil.eu\/wp-content\/uploads\/2023\/07\/echoLOGO.png","width":306,"height":238,"caption":"Echo Horizon"},"image":{"@id":"https:\/\/echosoil.eu\/#\/schema\/logo\/image\/"},"sameAs":["https:\/\/www.facebook.com\/profile.php?id=61550606275193"]}]}},"_links":{"self":[{"href":"https:\/\/echosoil.eu\/sk\/wp-json\/wp\/v2\/pages\/1156","targetHints":{"allow":["GET"]}}],"collection":[{"href":"https:\/\/echosoil.eu\/sk\/wp-json\/wp\/v2\/pages"}],"about":[{"href":"https:\/\/echosoil.eu\/sk\/wp-json\/wp\/v2\/types\/page"}],"author":[{"embeddable":true,"href":"https:\/\/echosoil.eu\/sk\/wp-json\/wp\/v2\/users\/2"}],"replies":[{"embeddable":true,"href":"https:\/\/echosoil.eu\/sk\/wp-json\/wp\/v2\/comments?post=1156"}],"version-history":[{"count":5,"href":"https:\/\/echosoil.eu\/sk\/wp-json\/wp\/v2\/pages\/1156\/revisions"}],"predecessor-version":[{"id":1524,"href":"https:\/\/echosoil.eu\/sk\/wp-json\/wp\/v2\/pages\/1156\/revisions\/1524"}],"wp:attachment":[{"href":"https:\/\/echosoil.eu\/sk\/wp-json\/wp\/v2\/media?parent=1156"}],"curies":[{"name":"wp","href":"https:\/\/api.w.org\/{rel}","templated":true}]}}